{"id":356,"date":"2025-09-22T13:12:55","date_gmt":"2025-09-22T11:12:55","guid":{"rendered":"http:\/\/spectre-ottokar.com\/?page_id=356"},"modified":"2025-09-22T13:12:56","modified_gmt":"2025-09-22T11:12:56","slug":"action-pedagogique-2","status":"publish","type":"page","link":"http:\/\/spectre-ottokar.com\/index.php\/action-pedagogique-2\/","title":{"rendered":"Action p\u00e9dagogique"},"content":{"rendered":"\n<p>Typiquement europ\u00e9enne et pourtant tellement exotique et originale, la musique des Balkans, pleine de sensibilit\u00e9 et de richesse culturelle ravit tous les publics, en particulier les plus jeunes.<\/p>\n\n\n\n<p>C\u2019est pourquoi notre formation propose \u00e9galement des concerts \u00e9ducatifs o\u00f9 l\u2019interactivit\u00e9 entre musiciens et enfants est largement privil\u00e9gi\u00e9e. Les s\u00e9ances de travail se font sous formes de mini-stages, stages, week-ends de d\u00e9couvertes, master classes etc&#8230;<\/p>\n\n\n\n<p>Pour t\u00e9l\u00e9charger notre plaquette de pr\u00e9sentation :<\/p>\n\n\n\n<div class=\"wp-block-group\"><div class=\"wp-block-group__inner-container is-layout-constrained wp-block-group-is-layout-constrained\">\n<div class=\"wp-block-file\"><a id=\"wp-block-file--media-826b7fe9-c384-40c0-8a74-46ae6cc7c1a2\" href=\"http:\/\/rzltfqr.cluster031.hosting.ovh.net\/wp-content\/uploads\/2022\/06\/Action-pe\u0301dagogique-1.pdf\">Action-pe\u0301dagogique.pdf<\/a><a href=\"http:\/\/rzltfqr.cluster031.hosting.ovh.net\/wp-content\/uploads\/2022\/06\/Action-pe\u0301dagogique-1.pdf\" class=\"wp-block-file__button wp-element-button\" download aria-describedby=\"wp-block-file--media-826b7fe9-c384-40c0-8a74-46ae6cc7c1a2\">T\u00e9l\u00e9charger<\/a><\/div>\n<\/div><\/div>\n\n\n\n<p><br><\/p>\n\n\n\n<p>Pour voir des exemples concrets de nos interventions pass\u00e9es :<\/p>\n\n\n\n<figure class=\"wp-block-embed is-type-video is-provider-youtube wp-block-embed-youtube wp-embed-aspect-16-9 wp-has-aspect-ratio\"><div class=\"wp-block-embed__wrapper\">\n<span class=\"embed-youtube\" style=\"text-align:center; display: block;\"><iframe loading=\"lazy\" class=\"youtube-player\" width=\"840\" height=\"473\" src=\"https:\/\/www.youtube.com\/embed\/fY7yTWs4-O0?version=3&#038;rel=1&#038;showsearch=0&#038;showinfo=1&#038;iv_load_policy=1&#038;fs=1&#038;hl=fr-FR&#038;autohide=2&#038;wmode=transparent\" allowfullscreen=\"true\" style=\"border:0;\" sandbox=\"allow-scripts allow-same-origin allow-popups allow-presentation allow-popups-to-escape-sandbox\"><\/iframe><\/span>\n<\/div><\/figure>\n","protected":false},"excerpt":{"rendered":"<p>Typiquement europ\u00e9enne et pourtant tellement exotique et originale, la musique des Balkans, pleine de sensibilit\u00e9 et de richesse culturelle ravit tous les publics, en particulier les plus jeunes. C\u2019est pourquoi notre formation propose \u00e9galement des concerts \u00e9ducatifs o\u00f9 l\u2019interactivit\u00e9 entre musiciens et enfants est largement <span class=\"read-more\"><a class=\"more-link btn btn-transparent\" href=\"http:\/\/spectre-ottokar.com\/index.php\/action-pedagogique-2\/\">Lire la suite . . .<\/a><\/span><\/p>\n","protected":false},"author":1,"featured_media":0,"parent":0,"menu_order":0,"comment_status":"closed","ping_status":"closed","template":"","meta":{"footnotes":""},"class_list":["post-356","page","type-page","status-publish","hentry"],"jetpack_sharing_enabled":true,"_links":{"self":[{"href":"http:\/\/spectre-ottokar.com\/index.php\/wp-json\/wp\/v2\/pages\/356","targetHints":{"allow":["GET"]}}],"collection":[{"href":"http:\/\/spectre-ottokar.com\/index.php\/wp-json\/wp\/v2\/pages"}],"about":[{"href":"http:\/\/spectre-ottokar.com\/index.php\/wp-json\/wp\/v2\/types\/page"}],"author":[{"embeddable":true,"href":"http:\/\/spectre-ottokar.com\/index.php\/wp-json\/wp\/v2\/users\/1"}],"replies":[{"embeddable":true,"href":"http:\/\/spectre-ottokar.com\/index.php\/wp-json\/wp\/v2\/comments?post=356"}],"version-history":[{"count":1,"href":"http:\/\/spectre-ottokar.com\/index.php\/wp-json\/wp\/v2\/pages\/356\/revisions"}],"predecessor-version":[{"id":357,"href":"http:\/\/spectre-ottokar.com\/index.php\/wp-json\/wp\/v2\/pages\/356\/revisions\/357"}],"wp:attachment":[{"href":"http:\/\/spectre-ottokar.com\/index.php\/wp-json\/wp\/v2\/media?parent=356"}],"curies":[{"name":"wp","href":"https:\/\/api.w.org\/{rel}","templated":true}]}}