{"id":47,"date":"2022-04-15T10:16:31","date_gmt":"2022-04-15T08:16:31","guid":{"rendered":"http:\/\/rzltfqr.cluster031.hosting.ovh.net\/?page_id=47"},"modified":"2026-04-11T14:30:32","modified_gmt":"2026-04-11T12:30:32","slug":"presentation-2","status":"publish","type":"page","link":"http:\/\/spectre-ottokar.com\/","title":{"rendered":"Stage 25-29 ao\u00fbt 2026 : les inscriptions sont ouvertes !"},"content":{"rendered":"\n<p class=\"has-normal-font-size\">Si vous souhaitez participer au stage de musique des Balkans du 25 au 29 ao\u00fbt 2026, merci de remplir le formulaire d&rsquo;inscription :<\/p>\n\n\n\n<div class=\"wp-block-buttons is-content-justification-center is-layout-flex wp-container-core-buttons-is-layout-16018d1d wp-block-buttons-is-layout-flex\">\n<div class=\"wp-block-button\"><a class=\"wp-block-button__link wp-element-button\" href=\"https:\/\/docs.google.com\/forms\/d\/1H9my7JWqsz37AFPVHfZ_S2sPzpHOSW1knbvm_9h2pV8\/previewResponse\"><strong>Formulaire d&rsquo;inscription<\/strong><\/a><\/div>\n<\/div>\n\n\n\n<h2 class=\"wp-block-heading\">Dates 2026<\/h2>\n\n\n\n<ul class=\"wp-block-list\">\n<li>jeudi 12 f\u00e9vrier : <a href=\"https:\/\/conservatoire.nantes.fr\/agenda\/evenements\/retour-de-macedoine-le-spectre-dottokar-or-saison-hmj\/?context=eyJwYXJhbXMiOnsiZGV0YWlsZWQiOiIxIiwic2l6ZSI6OSwibG9uZ0Rlc2NyaXB0aW9uRm9ybWF0IjoiSFRNTFdpdGhFbWJlZHMiLCJpbmNsdWRlTGFiZWxzIjp0cnVlLCJmcm9tIjoyN30sImZpbHRlcnMiOnsicmVsYXRpdmUiOlsiY3VycmVudCIsInVwY29taW5nIiwiY3VycmVudCIsInVwY29taW5nIiwiY3VycmVudCIsInVwY29taW5nIiwiY3VycmVudCIsInVwY29taW5nIiwiY3VycmVudCIsInVwY29taW5nIl19LCJwYWdlIjo0LCJ0b3RhbCI6NDgsImV2ZW50X29mZnNldCI6MzF9\" data-type=\"link\" data-id=\"https:\/\/conservatoire.nantes.fr\/agenda\/evenements\/retour-de-macedoine-le-spectre-dottokar-or-saison-hmj\/?context=eyJwYXJhbXMiOnsiZGV0YWlsZWQiOiIxIiwic2l6ZSI6OSwibG9uZ0Rlc2NyaXB0aW9uRm9ybWF0IjoiSFRNTFdpdGhFbWJlZHMiLCJpbmNsdWRlTGFiZWxzIjp0cnVlLCJmcm9tIjoyN30sImZpbHRlcnMiOnsicmVsYXRpdmUiOlsiY3VycmVudCIsInVwY29taW5nIiwiY3VycmVudCIsInVwY29taW5nIiwiY3VycmVudCIsInVwY29taW5nIiwiY3VycmVudCIsInVwY29taW5nIiwiY3VycmVudCIsInVwY29taW5nIl19LCJwYWdlIjo0LCJ0b3RhbCI6NDgsImV2ZW50X29mZnNldCI6MzF9\">heure musicale du Conservatoire de Nantes<\/a> (44)<\/li>\n\n\n\n<li>samedi 28 mars : Carnaval des hauts de saint Aubin, Angers (49)<\/li>\n\n\n\n<li>jeudi 7 mai : maison de quartier Doulon Botti\u00e8re (44)<\/li>\n\n\n\n<li>dimanche 31 mai : lieu tenu secret (<a href=\"spectre.ottokar@gmail.com\">nous contacter<\/a>)<\/li>\n\n\n\n<li>samedi 4 juillet : festival le Son des Cuivres, Mamers (72)<\/li>\n\n\n\n<li>dimanche 23 ao\u00fbt : \u00eele de R\u00e9 (17)<\/li>\n\n\n\n<li>samedi 12 septembre : la Mine au Tri, Corcou\u00e9 sur Lognes (44)<\/li>\n<\/ul>\n\n\n\n<p><\/p>\n\n\n\n<hr class=\"wp-block-separator has-alpha-channel-opacity\"\/>\n\n\n\n<p>Novembre 2024 : de retour de Mac\u00e9doine&#8230; Merci \u00e0 nos professeurs !<\/p>\n\n\n\n<figure class=\"wp-block-image size-large\"><img loading=\"lazy\" decoding=\"async\" width=\"1024\" height=\"768\" src=\"http:\/\/spectre-ottokar.com\/wp-content\/uploads\/2024\/11\/spectre-famille-macedoine-1024x768.jpeg\" alt=\"\" class=\"wp-image-319\" srcset=\"http:\/\/spectre-ottokar.com\/wp-content\/uploads\/2024\/11\/spectre-famille-macedoine-1024x768.jpeg 1024w, http:\/\/spectre-ottokar.com\/wp-content\/uploads\/2024\/11\/spectre-famille-macedoine-300x225.jpeg 300w, http:\/\/spectre-ottokar.com\/wp-content\/uploads\/2024\/11\/spectre-famille-macedoine-768x576.jpeg 768w, http:\/\/spectre-ottokar.com\/wp-content\/uploads\/2024\/11\/spectre-famille-macedoine-1536x1152.jpeg 1536w, http:\/\/spectre-ottokar.com\/wp-content\/uploads\/2024\/11\/spectre-famille-macedoine-840x630.jpeg 840w, http:\/\/spectre-ottokar.com\/wp-content\/uploads\/2024\/11\/spectre-famille-macedoine-90x68.jpeg 90w, http:\/\/spectre-ottokar.com\/wp-content\/uploads\/2024\/11\/spectre-famille-macedoine.jpeg 1600w\" sizes=\"auto, (max-width: 1024px) 100vw, 1024px\" \/><\/figure>\n\n\n\n<hr class=\"wp-block-separator has-alpha-channel-opacity\"\/>\n\n\n\n<p class=\"has-text-align-center\"><em>Retrouvez notre nouvel album <a href=\"https:\/\/lespectredottokar.bandcamp.com\/album\/vreme-tako\">Vreme Tako<\/a> sur Bandcamp !<\/em><\/p>\n\n\n<div class=\"wp-block-image\">\n<figure class=\"aligncenter size-large is-resized\"><a href=\"https:\/\/lespectredottokar.bandcamp.com\/album\/vreme-tako\"><img loading=\"lazy\" decoding=\"async\" width=\"1024\" height=\"1024\" src=\"http:\/\/spectre-ottokar.com\/wp-content\/uploads\/2023\/08\/vreme-tako-1024x1024.jpg\" alt=\"\" class=\"wp-image-246\" style=\"width:429px;height:429px\" srcset=\"http:\/\/spectre-ottokar.com\/wp-content\/uploads\/2023\/08\/vreme-tako-1024x1024.jpg 1024w, http:\/\/spectre-ottokar.com\/wp-content\/uploads\/2023\/08\/vreme-tako-300x300.jpg 300w, http:\/\/spectre-ottokar.com\/wp-content\/uploads\/2023\/08\/vreme-tako-150x150.jpg 150w, http:\/\/spectre-ottokar.com\/wp-content\/uploads\/2023\/08\/vreme-tako-768x768.jpg 768w, http:\/\/spectre-ottokar.com\/wp-content\/uploads\/2023\/08\/vreme-tako.jpg 1200w\" sizes=\"auto, (max-width: 1024px) 100vw, 1024px\" \/><\/a><\/figure>\n<\/div>\n\n\n<hr class=\"wp-block-separator has-alpha-channel-opacity\"\/>\n\n\n\n<p class=\"has-text-align-center\">Depuis 2005, Le Spectre d&rsquo;Ottokar propose un cocktail festif et r\u00e9jouissant de musiques des Balkans. Notre fanfare vous emm\u00e8ne dans un voyage qu&rsquo;elle a elle-m\u00eame accompli \u00e0 plusieurs reprises, au c\u0153ur de la p\u00e9ninsule des Balkans, entre la Serbie, la Mac\u00e9doine et la Bulgarie.<\/p>\n\n\n\n<figure class=\"wp-block-embed is-type-video is-provider-youtube wp-block-embed-youtube wp-embed-aspect-16-9 wp-has-aspect-ratio\"><div class=\"wp-block-embed__wrapper\">\n<span class=\"embed-youtube\" style=\"text-align:center; display: block;\"><iframe loading=\"lazy\" class=\"youtube-player\" width=\"840\" height=\"473\" src=\"https:\/\/www.youtube.com\/embed\/ZDun0sCQUeI?version=3&#038;rel=1&#038;showsearch=0&#038;showinfo=1&#038;iv_load_policy=1&#038;fs=1&#038;hl=fr-FR&#038;autohide=2&#038;wmode=transparent\" allowfullscreen=\"true\" style=\"border:0;\" sandbox=\"allow-scripts allow-same-origin allow-popups allow-presentation allow-popups-to-escape-sandbox\"><\/iframe><\/span>\n<\/div><\/figure>\n\n\n\n<p class=\"has-text-align-center\">Compos\u00e9 de dix musiciens, le Spectre d\u2019Ottokar vous propose un voyage \u00e0 travers les musiques traditionnelles et populaires des Balkans.<br>Au menu de cette fanfare : Musiques festives tziganes de Serbie et de Mac\u00e9doine : pays dans lesquels les musiciens ont \u00e9t\u00e9 apprendre directement le r\u00e9pertoire et les techniques de jeux sp\u00e9cifiques n\u00e9cessaires \u00e0 son ex\u00e9cution.<br>Rendue populaire par les films d\u2019Emir KUSTURICA, le Spectre d\u2019Ottokar interpr\u00e8te cette musique de transmission orale dans la tradition des orchestres de cuivres et percussions d\u2019Europe de l\u2019Est, avec l\u2019\u00e9nergie collective et les rythmes intenses des plus grandes formations existantes d\u2019aujourd\u2019hui : Ko\u010dani Orkestar, Fanfare Ciocarlia, Boban Markovi\u010d Orkestar\u2026<\/p>\n\n\n\n<p><\/p>\n","protected":false},"excerpt":{"rendered":"<p>Si vous souhaitez participer au stage de musique des Balkans du 25 au 29 ao\u00fbt 2026, merci de remplir le formulaire d&rsquo;inscription : Dates 2026 Novembre 2024 : de retour de Mac\u00e9doine&#8230; Merci \u00e0 nos professeurs ! Retrouvez notre nouvel album Vreme Tako sur Bandcamp <span class=\"read-more\"><a class=\"more-link btn btn-transparent\" href=\"http:\/\/spectre-ottokar.com\/\">Lire la suite . . .<\/a><\/span><\/p>\n","protected":false},"author":1,"featured_media":0,"parent":0,"menu_order":0,"comment_status":"closed","ping_status":"closed","template":"","meta":{"footnotes":""},"class_list":["post-47","page","type-page","status-publish","hentry"],"jetpack_sharing_enabled":true,"_links":{"self":[{"href":"http:\/\/spectre-ottokar.com\/index.php\/wp-json\/wp\/v2\/pages\/47","targetHints":{"allow":["GET"]}}],"collection":[{"href":"http:\/\/spectre-ottokar.com\/index.php\/wp-json\/wp\/v2\/pages"}],"about":[{"href":"http:\/\/spectre-ottokar.com\/index.php\/wp-json\/wp\/v2\/types\/page"}],"author":[{"embeddable":true,"href":"http:\/\/spectre-ottokar.com\/index.php\/wp-json\/wp\/v2\/users\/1"}],"replies":[{"embeddable":true,"href":"http:\/\/spectre-ottokar.com\/index.php\/wp-json\/wp\/v2\/comments?post=47"}],"version-history":[{"count":56,"href":"http:\/\/spectre-ottokar.com\/index.php\/wp-json\/wp\/v2\/pages\/47\/revisions"}],"predecessor-version":[{"id":430,"href":"http:\/\/spectre-ottokar.com\/index.php\/wp-json\/wp\/v2\/pages\/47\/revisions\/430"}],"wp:attachment":[{"href":"http:\/\/spectre-ottokar.com\/index.php\/wp-json\/wp\/v2\/media?parent=47"}],"curies":[{"name":"wp","href":"https:\/\/api.w.org\/{rel}","templated":true}]}}